{"id":1190,"date":"2024-08-29T18:45:32","date_gmt":"2024-08-29T18:45:32","guid":{"rendered":"https:\/\/kulturellevereinigung.ch\/?page_id=1190"},"modified":"2025-09-23T13:04:43","modified_gmt":"2025-09-23T13:04:43","slug":"jahresprogramm-2024-2025","status":"publish","type":"page","link":"https:\/\/kulturellevereinigung.ch\/?page_id=1190","title":{"rendered":"Jahresprogramm 2024\/2025"},"content":{"rendered":"<p><em>Vortr\u00e4ge in der Regel im Kursaal des Grand Resort Bad Ragaz<br \/>Bitte konsultieren Sie vorg\u00e4ngig unsere Homepage <a href=\"http:\/\/www.kulturellevereinigung.ch\">www.kulturellevereinigung.ch<\/a><br \/><\/em><\/p>\n<table width=\"674\">\n<tbody>\n<tr>\n<td width=\"293\">\n<p>Di, 17. September 2024, 20 Uhr<br \/>Virginia Jean, Kuratorin und Galeristin, Berlin<\/p>\n<\/td>\n<td width=\"381\">\n<p><strong>The Mystery of Banksy &#8211;<br \/><\/strong><strong style=\"font-size: revert; font-family: inherit;\">Streetart-Szene in der Schweiz<\/strong><\/p>\n<\/td>\n<\/tr>\n<tr>\n<td width=\"293\">\n<p>Mi, 6. November 2024, 20 Uhr<br \/>Dr. Philipp H\u00e4uselmann, H\u00f6hlenforscher,<br \/>La-Chaux-de-Fonds<\/p>\n<\/td>\n<td width=\"381\">\n<p><strong>Geheimnisvolle Welt unter der Erde \u2013<br \/><\/strong><strong style=\"font-size: revert; font-family: inherit;\">H\u00f6hlen in der Schweiz<\/strong><\/p>\n<\/td>\n<\/tr>\n<tr>\n<td width=\"293\">\n<p>Mi, 13. November 2024, 20 Uhr<br \/>Andy Holzer \u2013 blind climber,<br \/>Tristach im Ost-Tirol<\/p>\n<\/td>\n<td width=\"381\">\n<p><strong>Mein Everest und viele andere Berge \u2013<br \/><\/strong><strong style=\"font-size: revert; font-family: inherit;\">blind nach ganz oben<\/strong><\/p>\n<\/td>\n<\/tr>\n<tr>\n<td width=\"293\">\n<p>Mo, 25. November 2024, 20 Uhr<br \/>Sebastian Ramspeck, Korrespondent SRF,\u00a0Z\u00fcrich<\/p>\n<\/td>\n<td width=\"381\">\n<p><strong>Die Schweizer Neutralit\u00e4t \u2013<br \/>historisch und im Kontext der aktuellen Weltpolitik betrachtet<\/strong><\/p>\n<\/td>\n<\/tr>\n<tr>\n<td width=\"293\">\n<p>Mi, 15. Januar 2025, 20 Uhr<br \/>Prof. Dr. Knutti, ETH Z\u00fcrich,<br \/>gemeinsam mit Verein pro Ragaz (proR)<\/p>\n<\/td>\n<td width=\"381\">\n<p><strong>Herausforderung Klimawandel \u2013<br \/><\/strong><strong>unangenehmen Wahrheiten ins Auge sehen<\/strong><\/p>\n<\/td>\n<\/tr>\n<tr>\n<td width=\"293\">\n<p>Mi, 5. Februar 2025, 20 Uhr<br \/>Tilla Theus, Architektin, Z\u00fcrich<\/p>\n<\/td>\n<td width=\"381\">\n<p><strong>entwerfen, verwerfen, neu beginnen \u2013<br \/><\/strong><strong style=\"font-size: revert; font-family: inherit;\">eine L\u00f6sung anstreben, die restlos \u00fcberzeugt<\/strong><\/p>\n<\/td>\n<\/tr>\n<tr>\n<td width=\"293\">\n<p>Mi, 19. Februar 2025, 20 Uhr<br \/>Priska Seisenbacher, Fotografin, Wien<\/p>\n<\/td>\n<td width=\"381\">\n<p><strong>im Pamir \u2013 v<\/strong><strong>om besonderen Leben in einer abgelegenen Welt<\/strong><\/p>\n<\/td>\n<\/tr>\n<tr>\n<td width=\"293\">\n<p>Mi, 30. April 2025, 20.00 Uhr<br \/>Susana Andrade, Gesang, Madeira<br \/>mit Susana und C\u00e9sar an der Gitarre<\/p>\n<\/td>\n<td width=\"381\">\n<p><strong>Hauptversammlung<br \/><\/strong><strong style=\"font-size: revert; font-family: inherit;\">umrahmt von einem kleinen <\/strong><strong>Fado \u2013 Konzert (Programm\u00e4nderung)<\/strong><\/p>\n<\/td>\n<\/tr>\n<\/tbody>\n<\/table>\n<h2>Jahresbrief<\/h2>\n<p><strong><em>Von Geheimnissen und Realit\u00e4ten <\/em><\/strong><\/p>\n<p>Liebe Mitglieder der Kulturellen Vereinigung<\/p>\n\n\n<p>Nicht dass uns die Ideen ausgehen w\u00fcrden oder das Schweizer Kontingent an interessanten Pers\u00f6nlichkeiten f\u00fcr spannende Vortr\u00e4ge ersch\u00f6pft w\u00e4re \u2013 aber f\u00fcr einmal reisen mehrere Referentinnen und Referenten aus dem Ausland nach Bad Ragaz. Dies mag dem Zufall geschuldet sein, aber auch dem Umstand, dass uns kein Aufwand zu gross ist, hochkompetente und qualifizierteste Menschen f\u00fcr die Kulturelle Vereinigung zu gewinnen. Verschiedene \u00abLeckerbissen\u00bb erwarten Sie in der kommenden Saison \u2013 und als Sonderveranstaltung die Mitgliederversammlung in Form eines kleinen Fado-Konzerts in entsprechendem portugiesischen Ambiente.<\/p>\n\n\n\n<p>Wir freuen uns, wenn Sie beim einen und\/oder anderen Vortrag dabei sind. Gerne stellen wir Ihnen wie gewohnt via Mail oder postalisch eine Einladung mit detaillierteren Informationen zu Inhalt und Referent\/-in zu. Bitte konsultieren Sie im Vorfeld auch unsere Homepage.<\/p>\n\n\n\n<p>Falls auch Sie k\u00fcnftig statt einer postalisch zugstellten Einladung eine elektronische Zustellung w\u00fcnschen, bitten wir um eine kurze Nachricht an: <a href=\"mailto:kvragaz@gmail.com\">kvragaz@gmail.com<\/a><\/p>\n\n\n\n<p>Analog der Vorjahre wird an denjenigen Tagen, an denen ein Anlass der Kulturellen Vereinigung stattfindet, exklusiv f\u00fcr die Mitglieder der Kulturellen Vereinigung auf Konsumationen in den beiden Grand Resort-Restaurants Olives und Namun ein 10%-Nachlass gew\u00e4hrt. Profitieren Sie davon und weisen Sie die Karte beim Bestellen bitte vor.<\/p>\n\n\n\n<p>Herzlichen Dank f\u00fcr Ihre finanzielle Unterst\u00fctzung. Der seit Jahrzehnten geltende Jahresbeitrag ist 20 Franken.<\/p>\n\n\n\n<p>Wir freuen uns sehr auf Ihren Besuch.<\/p>\n\n\n\n<p>Ihre Kulturelle Vereinigung<\/p>\n\n\n\n<p>Renato Bergamin, Pr\u00e4sident<\/p>\n","protected":false},"excerpt":{"rendered":"<p>Vortr\u00e4ge in der Regel im Kursaal des Grand Resort Bad RagazBitte konsultieren Sie vorg\u00e4ngig unsere Homepage www.kulturellevereinigung.ch Di, 17. September 2024, 20 UhrVirginia Jean, Kuratorin und Galeristin, Berlin The Mystery of Banksy &#8211;Streetart-Szene in der Schweiz Mi, 6. November 2024, 20 UhrDr. Philipp H\u00e4uselmann, H\u00f6hlenforscher,La-Chaux-de-Fonds Geheimnisvolle Welt unter der Erde \u2013H\u00f6hlen in der Schweiz Mi, &hellip; <a href=\"https:\/\/kulturellevereinigung.ch\/?page_id=1190\" class=\"more-link\"><span class=\"screen-reader-text\">Jahresprogramm 2024\/2025<\/span> weiterlesen <span class=\"meta-nav\">&rarr;<\/span><\/a><\/p>\n","protected":false},"author":1,"featured_media":0,"parent":35,"menu_order":0,"comment_status":"closed","ping_status":"closed","template":"","meta":{"footnotes":""},"class_list":["post-1190","page","type-page","status-publish","hentry"],"_links":{"self":[{"href":"https:\/\/kulturellevereinigung.ch\/index.php?rest_route=\/wp\/v2\/pages\/1190","targetHints":{"allow":["GET"]}}],"collection":[{"href":"https:\/\/kulturellevereinigung.ch\/index.php?rest_route=\/wp\/v2\/pages"}],"about":[{"href":"https:\/\/kulturellevereinigung.ch\/index.php?rest_route=\/wp\/v2\/types\/page"}],"author":[{"embeddable":true,"href":"https:\/\/kulturellevereinigung.ch\/index.php?rest_route=\/wp\/v2\/users\/1"}],"replies":[{"embeddable":true,"href":"https:\/\/kulturellevereinigung.ch\/index.php?rest_route=%2Fwp%2Fv2%2Fcomments&post=1190"}],"version-history":[{"count":4,"href":"https:\/\/kulturellevereinigung.ch\/index.php?rest_route=\/wp\/v2\/pages\/1190\/revisions"}],"predecessor-version":[{"id":1259,"href":"https:\/\/kulturellevereinigung.ch\/index.php?rest_route=\/wp\/v2\/pages\/1190\/revisions\/1259"}],"up":[{"embeddable":true,"href":"https:\/\/kulturellevereinigung.ch\/index.php?rest_route=\/wp\/v2\/pages\/35"}],"wp:attachment":[{"href":"https:\/\/kulturellevereinigung.ch\/index.php?rest_route=%2Fwp%2Fv2%2Fmedia&parent=1190"}],"curies":[{"name":"wp","href":"https:\/\/api.w.org\/{rel}","templated":true}]}}