{"id":12,"date":"2014-02-28T20:44:55","date_gmt":"2014-02-28T20:44:55","guid":{"rendered":"http:\/\/kulturellevereinigung.ch\/?page_id=12"},"modified":"2019-08-14T12:07:56","modified_gmt":"2019-08-14T12:07:56","slug":"zweck","status":"publish","type":"page","link":"https:\/\/kulturellevereinigung.ch\/?page_id=12","title":{"rendered":"Zweck"},"content":{"rendered":"<p>Kennen Sie unsere Kulturelle Vereinigung von Bad Ragaz?<\/p>\n<p>Gem\u00e4ss Statuten bezweckt unser Verein die gemeinsame F\u00f6rderung und Durchf\u00fchrung kultureller Veranstaltungen aller Art sowie die Unterst\u00fctzung kultureller Institutionen.<br \/>\nKonkret organisiert unser Vorstand 8 bis 10 Veranstaltungen pro Saison und hin und wieder einen Spezialanlass, zum Beispiel ein literarisches Fr\u00fchst\u00fcck oder einen Ausflug zu einer kulturell bedeutsamen St\u00e4tte.<\/p>\n<p>Wie die circa 350 Mitglieder uns immer wieder best\u00e4tigen, liegt unsere St\u00e4rke in der Variation der Vortr\u00e4ge. Der Begriff \u00abKultur\u00bb umfasst f\u00fcr uns verschiedenste Sparten, von Architektur \u00fcber Kunst, Geschichte etc. bis Zoologie.<br \/>\nEbenfalls sind wir um mindestens eine national bekannte Person pro Saison bem\u00fcht, legen aber f\u00fcr jedes Referat gr\u00f6ssten Wert auf die Kompetenz der\/des Rednerin\/Redners.<\/p>\n<p>Unser Jahresbeitrag betr\u00e4gt nur CHF 20.\u2013 pro Saison. Als Mitglied erhalten Sie automatisch f\u00fcr jede Veranstaltung ein Einladungsschreiben, in welchem der Vortrag kurz umrissen ist. Auch gibt es Veranstaltungen, die exklusiv f\u00fcr die Mitglieder der Kulturellen Vereinigung bestimmt sind.<\/p>\n<p>F\u00fcr Ihr Interesse und vielleicht baldige Mitgliedschaft danken wir Ihnen herzlich.<br \/>\nEin Mail an kvragaz@gmail.com gen\u00fcgt.<\/p>\n<p>Renato Bergamin, Pr\u00e4sident<\/p>\n","protected":false},"excerpt":{"rendered":"<p>Kennen Sie unsere Kulturelle Vereinigung von Bad Ragaz? Gem\u00e4ss Statuten bezweckt unser Verein die gemeinsame F\u00f6rderung und Durchf\u00fchrung kultureller Veranstaltungen aller Art sowie die Unterst\u00fctzung kultureller Institutionen. Konkret organisiert unser Vorstand 8 bis 10 Veranstaltungen pro Saison und hin und wieder einen Spezialanlass, zum Beispiel ein literarisches Fr\u00fchst\u00fcck oder einen Ausflug zu einer kulturell bedeutsamen &hellip; <a href=\"https:\/\/kulturellevereinigung.ch\/?page_id=12\" class=\"more-link\"><span class=\"screen-reader-text\">Zweck<\/span> weiterlesen <span class=\"meta-nav\">&rarr;<\/span><\/a><\/p>\n","protected":false},"author":1,"featured_media":0,"parent":0,"menu_order":1,"comment_status":"closed","ping_status":"closed","template":"","meta":{"footnotes":""},"class_list":["post-12","page","type-page","status-publish","hentry"],"_links":{"self":[{"href":"https:\/\/kulturellevereinigung.ch\/index.php?rest_route=\/wp\/v2\/pages\/12","targetHints":{"allow":["GET"]}}],"collection":[{"href":"https:\/\/kulturellevereinigung.ch\/index.php?rest_route=\/wp\/v2\/pages"}],"about":[{"href":"https:\/\/kulturellevereinigung.ch\/index.php?rest_route=\/wp\/v2\/types\/page"}],"author":[{"embeddable":true,"href":"https:\/\/kulturellevereinigung.ch\/index.php?rest_route=\/wp\/v2\/users\/1"}],"replies":[{"embeddable":true,"href":"https:\/\/kulturellevereinigung.ch\/index.php?rest_route=%2Fwp%2Fv2%2Fcomments&post=12"}],"version-history":[{"count":5,"href":"https:\/\/kulturellevereinigung.ch\/index.php?rest_route=\/wp\/v2\/pages\/12\/revisions"}],"predecessor-version":[{"id":724,"href":"https:\/\/kulturellevereinigung.ch\/index.php?rest_route=\/wp\/v2\/pages\/12\/revisions\/724"}],"wp:attachment":[{"href":"https:\/\/kulturellevereinigung.ch\/index.php?rest_route=%2Fwp%2Fv2%2Fmedia&parent=12"}],"curies":[{"name":"wp","href":"https:\/\/api.w.org\/{rel}","templated":true}]}}