{"id":487,"date":"2017-08-16T14:14:23","date_gmt":"2017-08-16T14:14:23","guid":{"rendered":"http:\/\/kulturellevereinigung.ch\/?page_id=487"},"modified":"2018-08-23T17:03:48","modified_gmt":"2018-08-23T17:03:48","slug":"jahresprogramm-201718","status":"publish","type":"page","link":"https:\/\/kulturellevereinigung.ch\/?page_id=487","title":{"rendered":"Jahresprogramm 2017\/18"},"content":{"rendered":"<p><strong><em>Vortr\u00e4ge<\/em><\/strong><em>, in der Regel im Kursaal des Grand Resort Bad RAGAZ<br \/>\n<\/em><em>(bitte separate Einladungen und Anfangszeiten beachten)<\/em><\/p>\n<table width=\"657\">\n<tbody>\n<tr>\n<td valign=\"\u00abtop\u00bb\" width=\"283\">Fr, 22. September 2017, 20.00 Uhr<br \/>\nProf. Dr. Heinrich Haller<\/td>\n<td valign=\"\u00abtop\u00bb\" width=\"374\"><strong>Der Schweizerische Nationalpark \u2013 Mythos und Realit\u00e4t<\/strong><\/td>\n<\/tr>\n<tr>\n<td valign=\"\u00abtop\u00bb\" width=\"283\">So, 5. November 2017, 17.00 Uhr<br \/>\nBernd Klaube &amp; Gregor M. Schmid<\/td>\n<td valign=\"\u00abtop\u00bb\" width=\"374\"><strong>Transsibirische Eisenbahn \u2013 die l\u00e4ngsten Gleise der Welt<br \/>\n<\/strong><\/td>\n<\/tr>\n<tr>\n<td valign=\"\u00abtop\u00bb\" width=\"283\">Mi, 22. November 2017, 20.00 Uhr<br \/>\nDaniel Anrig<\/td>\n<td valign=\"\u00abtop\u00bb\" width=\"374\"><strong>Kleinstaat Vatikan &#8211; hinter den Kulissen der Schweizer Garde<\/strong><\/td>\n<\/tr>\n<tr>\n<td valign=\"\u00abtop\u00bb\" width=\"283\">So, 14. Januar 2018, ca. 09.30 Uhr<br \/>\nmit Gemeindebibliothek<\/td>\n<td valign=\"\u00abtop\u00bb\" width=\"374\"><strong>Literarisches Fr\u00fchst\u00fcck mit Silvio Blatter<\/strong><br \/>\nim Sorell Hotel Tamina<\/td>\n<\/tr>\n<tr>\n<td valign=\"\u00abtop\u00bb\" width=\"283\">Mi, 24. Januar 2018, 20.00 Uhr<br \/>\nMatto Barfuss<\/td>\n<td valign=\"\u00abtop\u00bb\" width=\"374\"><strong>Mit L\u00f6wen durch Afrika \u2013 den K\u00f6nig der Tiere hautnah erleben<\/strong><\/td>\n<\/tr>\n<tr>\n<td valign=\"\u00abtop\u00bb\" width=\"283\">Mi, 7. Februar 2018, 20.00 Uhr<br \/>\nWalter Eggenberger<\/td>\n<td valign=\"\u00abtop\u00bb\" width=\"374\"><strong>Meine Erfahrungen in Nordkorea<\/strong><\/td>\n<\/tr>\n<tr>\n<td valign=\"\u00abtop\u00bb\" width=\"283\">Mi, 7, M\u00e4rz 2018, 20.00 Uhr<br \/>\nDr. Yvonne Lehnherr<\/td>\n<td valign=\"\u00abtop\u00bb\" width=\"374\"><strong>Niki de St. Phalle und Jean Tinguely \u2013<br \/>\nBonny und Clyde der Kunst<\/strong><\/td>\n<\/tr>\n<tr>\n<td valign=\"\u00abtop\u00bb\" width=\"283\">Mi, 28. M\u00e4rz 2018, 20.00 Uhr<br \/>\nMaurus Frei<\/td>\n<td valign=\"\u00abtop\u00bb\" width=\"374\"><strong>Bauen in den Alpen \u2013 ein Werkstattbericht<\/strong><\/td>\n<\/tr>\n<tr>\n<td valign=\"\u00abtop\u00bb\" width=\"283\">Mi, 16. Mai 2018, 20.00 Uhr<\/td>\n<td valign=\"\u00abtop\u00bb\" width=\"374\"><strong>Hauptversammlung<\/strong><\/td>\n<\/tr>\n<\/tbody>\n<\/table>\n<h2>Jahresbrief<\/h2>\n<p><em>\u00abReisen veredelt den Geist und r\u00e4umt mit allen unseren Vorurteilen auf.\u00bb Oscar Wilde (1856\u20131900)<\/em><\/p>\n<p>Sehr gesch\u00e4tzte Mitglieder der Kulturellen Vereinigung<\/p>\n<p>Das neue Jahresprogramm bietet diesmal eine ganze Palette an Reisen an: Zuerst geht es mit dem Direktor des Schweizerischen Nationalparks ins Engadin, dann mit einem begnadeten Fotografen mit der Transsibirischen Eisenbahn \u00fcber 5000 km in den Osten, schliesslich mit dem ehemaligen Kommandanten der Schweizer Garde in den Vatikan. Im neuen Jahr lockt der bekannte Autor Silvio Blatter zum literarischen Fr\u00fchst\u00fcck, worauf uns Matto Barfuss zusammen mit L\u00f6wen (!) nach Afrika mitnimmt und der ehemalige 10vor10-Redaktor Walter Eggenberger, bekannt als \u201eder Zeigefinger der Nation\u201c, nach Nordkorea, wo er ein Jahr lang gelebt hat. Wer kennt sie nicht, die K\u00fcnstler Niki und Jeannot? Die Referentin, ehemalige Direktorin des Kunstmuseums Fribourg, war mit den beiden bestens bekannt. Der renommierte B\u00fcndner Architekt Maurus Frei schliesslich gibt uns Einblicke in sein Schaffen.<\/p>\n<p>Wir freuen uns, wenn Sie mit uns \u201ereisen\u201c und die eine oder andere Veranstaltung besuchen!<\/p>\n<p>Analog zum Vorjahr informieren wir Sie dar\u00fcber, dass auch Sie k\u00fcnftig, wie es bereits ein Drittel unserer Mitglieder macht, per Mail eingeladen werden k\u00f6nnen. W\u00fcnschen Sie dies, bitten wir Sie, unserem Herrn Roman Rupp (r.rupp@bluewin.ch) eine Mitteilung zu senden.<br \/>\nWir erlauben uns auch, aus Kostengr\u00fcnden hin und wieder eine Einladung im \u201eDoppelpack\u201c zuzustellen.<\/p>\n<p>Wie in den Vorjahren wird an denjenigen Tagen, an denen ein Anlass der kulturellen Vereinigung stattfindet, exklusiv f\u00fcr die Mitglieder der Kulturellen Vereinigung ein 10%-Nachlass auf s\u00e4mtliche Konsumationen im Grand Resort angeboten. Profitieren Sie davon: Zeigen Sie schon bei der Bestellung Ihre Karte und geniessen Sie das reichhaltige Angebot.<\/p>\n<p>Herzlichen Dank wie immer f\u00fcr die rasche Einzahlung des Jahresbeitrages von Fr. 20.00<\/p>\n<p>Ihre Kulturelle Vereinigung<\/p>\n<p>Renato Bergamin, Pr\u00e4sident<\/p>\n","protected":false},"excerpt":{"rendered":"<p>Vortr\u00e4ge, in der Regel im Kursaal des Grand Resort Bad RAGAZ (bitte separate Einladungen und Anfangszeiten beachten) Fr, 22. September 2017, 20.00 Uhr Prof. Dr. Heinrich Haller Der Schweizerische Nationalpark \u2013 Mythos und Realit\u00e4t So, 5. November 2017, 17.00 Uhr Bernd Klaube &amp; Gregor M. Schmid Transsibirische Eisenbahn \u2013 die l\u00e4ngsten Gleise der Welt Mi, &hellip; <a href=\"https:\/\/kulturellevereinigung.ch\/?page_id=487\" class=\"more-link\"><span class=\"screen-reader-text\">Jahresprogramm 2017\/18<\/span> weiterlesen <span class=\"meta-nav\">&rarr;<\/span><\/a><\/p>\n","protected":false},"author":1,"featured_media":0,"parent":35,"menu_order":0,"comment_status":"closed","ping_status":"closed","template":"","meta":{"footnotes":""},"class_list":["post-487","page","type-page","status-publish","hentry"],"_links":{"self":[{"href":"https:\/\/kulturellevereinigung.ch\/index.php?rest_route=\/wp\/v2\/pages\/487","targetHints":{"allow":["GET"]}}],"collection":[{"href":"https:\/\/kulturellevereinigung.ch\/index.php?rest_route=\/wp\/v2\/pages"}],"about":[{"href":"https:\/\/kulturellevereinigung.ch\/index.php?rest_route=\/wp\/v2\/types\/page"}],"author":[{"embeddable":true,"href":"https:\/\/kulturellevereinigung.ch\/index.php?rest_route=\/wp\/v2\/users\/1"}],"replies":[{"embeddable":true,"href":"https:\/\/kulturellevereinigung.ch\/index.php?rest_route=%2Fwp%2Fv2%2Fcomments&post=487"}],"version-history":[{"count":2,"href":"https:\/\/kulturellevereinigung.ch\/index.php?rest_route=\/wp\/v2\/pages\/487\/revisions"}],"predecessor-version":[{"id":530,"href":"https:\/\/kulturellevereinigung.ch\/index.php?rest_route=\/wp\/v2\/pages\/487\/revisions\/530"}],"up":[{"embeddable":true,"href":"https:\/\/kulturellevereinigung.ch\/index.php?rest_route=\/wp\/v2\/pages\/35"}],"wp:attachment":[{"href":"https:\/\/kulturellevereinigung.ch\/index.php?rest_route=%2Fwp%2Fv2%2Fmedia&parent=487"}],"curies":[{"name":"wp","href":"https:\/\/api.w.org\/{rel}","templated":true}]}}