{"id":736,"date":"2019-08-29T14:45:50","date_gmt":"2019-08-29T14:45:50","guid":{"rendered":"http:\/\/kulturellevereinigung.ch\/?page_id=736"},"modified":"2020-09-17T19:09:21","modified_gmt":"2020-09-17T19:09:21","slug":"jahresprogramm-2019-20","status":"publish","type":"page","link":"https:\/\/kulturellevereinigung.ch\/?page_id=736","title":{"rendered":"Jahresprogramm 2019\/20"},"content":{"rendered":"<p><strong><em>Vortr\u00e4ge<\/em><\/strong><em>, in der Regel im Kursaal des Grand Resort Bad RAGAZ<br \/>\n<\/em><em>(bitte separate Einladungen und Anfangszeiten beachten)<\/em><\/p>\n<table width=\"657\">\n<tbody>\n<tr>\n<td valign=\"\u00abtop\u00bb\" width=\"283\">So, 22. September 2019, 17.00 Uhr<br \/>\nEberhard W. Kornfeld\/Heinz B\u00fctler<\/td>\n<td valign=\"\u00abtop\u00bb\" width=\"374\"><strong>350. Todestag Rembrandt<br \/>\nFilm und Gespr\u00e4ch mit Sammler Kornfeld Pr\u00e4sentation Originalradierungen<\/strong><\/td>\n<\/tr>\n<tr>\n<td valign=\"\u00abtop\u00bb\" width=\"283\">Di, 22. Oktober 2019, 20.00 Uhr<br \/>\nChristian Florin<\/td>\n<td valign=\"\u00abtop\u00bb\" width=\"374\"><strong>130 Jahre Rh\u00e4tische Bahn<br \/>\nim Spannungsfeld der Modernisierung<\/strong><\/td>\n<\/tr>\n<tr>\n<td valign=\"\u00abtop\u00bb\" width=\"283\">Mi, 27. November 2019, 20.00 Uhr<br \/>\nAdrian Arnold<\/td>\n<td valign=\"\u00abtop\u00bb\" width=\"374\"><strong>30 Jahre wiedervereinigtes Deutschland<\/strong><\/td>\n<\/tr>\n<tr>\n<td valign=\"\u00abtop\u00bb\" width=\"283\">Mi, 8. Januar 2020, 20.00 Uhr<br \/>\nDr. Cordula Seger<\/td>\n<td valign=\"\u00abtop\u00bb\" width=\"374\"><strong>150 Jahre Grand Hotel Quellenhof \u2013<br \/>\nGrand Hotels in der Schweiz<\/strong><\/td>\n<\/tr>\n<tr>\n<td valign=\"\u00abtop\u00bb\" width=\"283\">So, 2. Februar 2020, ca. 09.30 Uhr<br \/>\nmit Gemeindebibliothek<\/td>\n<td valign=\"\u00abtop\u00bb\" width=\"374\"><strong>Literarisches Fr\u00fchst\u00fcck mit Todisco Vincenzo<br \/>\nim Sorell Hotel Tamina<\/strong><\/td>\n<\/tr>\n<tr>\n<td valign=\"\u00abtop\u00bb\" width=\"283\">Fr, 21. Februar 2020, 20.00 Uhr<br \/>\nHartmut und Eli Krinitz<\/td>\n<td valign=\"\u00abtop\u00bb\" width=\"374\"><strong>250. Geburtstag Napoleon<br \/>\nLive-Reportage Korsika<\/strong><\/td>\n<\/tr>\n<tr>\n<td valign=\"\u00abtop\u00bb\" width=\"283\">Do, 5. M\u00e4rz 2020, 20.00 Uhr<br \/>\nDr. Gerhard Mack<\/td>\n<td valign=\"\u00abtop\u00bb\" width=\"374\"><strong>100 Jahre Bauhaus<br \/>\nvom Bauhaus lernen, heisst lebendig bleiben<\/strong><\/td>\n<\/tr>\n<tr>\n<td valign=\"\u00abtop\u00bb\" width=\"283\">Mi, 13. Mai 2020, 20.00 Uhr<br \/>\nPhilipp Kohler<\/td>\n<td valign=\"\u00abtop\u00bb\" width=\"374\"><strong>Hauptversammlung<br \/>\nKonzert: 250. Geburtstag Beethoven<\/strong><\/td>\n<\/tr>\n<\/tbody>\n<\/table>\n<h2>Jahresbrief<\/h2>\n<p><em>\u00abIndem wir uns grosse Menschen und ihre Taten vergegenw\u00e4rtigen, werden wir uns und unserer Grenzen bewusst, und das ist gut so.\u00bb<\/em><br \/>\n(Manfred Papst, Kulturredaktor NZZ, \u00fcber die vielen Gedenktage 2019)<\/p>\n<p>Liebe Mitglieder der Kulturellen Vereinigung<\/p>\n<p>Nichts ist neu und alles ist neu. Unter diesem Motto starten wir in die 51. Saison der Kulturellen Vereinigung. Nach der Jubil\u00e4ums-Mitgliederversammlung zum 50. Geburtstag vom Mai 2019 begehen wir ein Programmjahr voller Jubil\u00e4en und Jubilare. Inhalte sind in allen Variationen f\u00fcr alle Geschm\u00e4cker und Interessengruppen gegeben!<\/p>\n<p>Neu gestaltet ist unser Logo: Wir hoffen, es gefalle Ihnen. Ebenfalls neu erfolgt der Versand der jeweiligen Einladungen durch die Arwole Sargans. Wir wollen aus Kostengr\u00fcnden jedoch vermehrt auf die elektronische Zustellung setzen. W\u00fcnschen Sie k\u00fcnftig, wie es schon viele Mitglieder machen, eine elektronische Zustellung der Einladungen? (Ausnahme Jahresprogramm).<\/p>\n<p><span style=\"color: #0000ff;\"><strong>Ja,<\/strong> bitte alle Einladungen per Mail: Senden Sie eine Nachricht an: <a style=\"color: #0000ff;\" href=\"mailto:r.rupp@bluewin.ch\">r.rupp@bluewin.ch<\/a><\/span><\/p>\n<p>Herzlichen Dank! Wir freuen uns, wenn Sie mit uns die Jubilare und Jubil\u00e4en feiern und die eine oder andere Veranstaltung besuchen!<\/p>\n<p>Wie in den Vorjahren wird an denjenigen Tagen, an denen ein Anlass der Kulturellen Vereinigung stattfindet, exklusiv f\u00fcr die Mitglieder der Kulturellen Vereinigung ein 10%-Nachlass auf s\u00e4mtliche Konsumationen im Grand Resort angeboten. Profitieren Sie davon: Zeigen Sie schon bei der Bestellung Ihre beiliegende Karte und geniessen Sie das reichhaltige Angebot.<\/p>\n<p>Herzlichen Dank wie immer f\u00fcr die rasche Einzahlung des Jahresbeitrages von 20 Franken.<\/p>\n<p>Ihre Kulturelle Vereinigung<\/p>\n<p>Renato Bergamin, Pr\u00e4sident<\/p>\n","protected":false},"excerpt":{"rendered":"<p>Vortr\u00e4ge, in der Regel im Kursaal des Grand Resort Bad RAGAZ (bitte separate Einladungen und Anfangszeiten beachten) So, 22. September 2019, 17.00 Uhr Eberhard W. Kornfeld\/Heinz B\u00fctler 350. Todestag Rembrandt Film und Gespr\u00e4ch mit Sammler Kornfeld Pr\u00e4sentation Originalradierungen Di, 22. Oktober 2019, 20.00 Uhr Christian Florin 130 Jahre Rh\u00e4tische Bahn im Spannungsfeld der Modernisierung Mi, &hellip; <a href=\"https:\/\/kulturellevereinigung.ch\/?page_id=736\" class=\"more-link\"><span class=\"screen-reader-text\">Jahresprogramm 2019\/20<\/span> weiterlesen <span class=\"meta-nav\">&rarr;<\/span><\/a><\/p>\n","protected":false},"author":1,"featured_media":0,"parent":35,"menu_order":0,"comment_status":"closed","ping_status":"closed","template":"","meta":{"footnotes":""},"class_list":["post-736","page","type-page","status-publish","hentry"],"_links":{"self":[{"href":"https:\/\/kulturellevereinigung.ch\/index.php?rest_route=\/wp\/v2\/pages\/736","targetHints":{"allow":["GET"]}}],"collection":[{"href":"https:\/\/kulturellevereinigung.ch\/index.php?rest_route=\/wp\/v2\/pages"}],"about":[{"href":"https:\/\/kulturellevereinigung.ch\/index.php?rest_route=\/wp\/v2\/types\/page"}],"author":[{"embeddable":true,"href":"https:\/\/kulturellevereinigung.ch\/index.php?rest_route=\/wp\/v2\/users\/1"}],"replies":[{"embeddable":true,"href":"https:\/\/kulturellevereinigung.ch\/index.php?rest_route=%2Fwp%2Fv2%2Fcomments&post=736"}],"version-history":[{"count":6,"href":"https:\/\/kulturellevereinigung.ch\/index.php?rest_route=\/wp\/v2\/pages\/736\/revisions"}],"predecessor-version":[{"id":742,"href":"https:\/\/kulturellevereinigung.ch\/index.php?rest_route=\/wp\/v2\/pages\/736\/revisions\/742"}],"up":[{"embeddable":true,"href":"https:\/\/kulturellevereinigung.ch\/index.php?rest_route=\/wp\/v2\/pages\/35"}],"wp:attachment":[{"href":"https:\/\/kulturellevereinigung.ch\/index.php?rest_route=%2Fwp%2Fv2%2Fmedia&parent=736"}],"curies":[{"name":"wp","href":"https:\/\/api.w.org\/{rel}","templated":true}]}}