{"id":824,"date":"2020-09-17T19:08:05","date_gmt":"2020-09-17T19:08:05","guid":{"rendered":"http:\/\/kulturellevereinigung.ch\/?page_id=824"},"modified":"2021-09-08T05:35:07","modified_gmt":"2021-09-08T05:35:07","slug":"jahresprogramm-2020-21","status":"publish","type":"page","link":"https:\/\/kulturellevereinigung.ch\/?page_id=824","title":{"rendered":"Jahresprogramm 2020\/21"},"content":{"rendered":"<p><strong><em>Reservation unerl\u00e4sslich: <\/em><\/strong><em>anmeldung.kvragaz@gmail.com <\/em><em><br \/>\n(Angabe Name, Wohnort, Tel. Nummer, Anzahl Personen)<\/em><\/p>\n<p><strong><em>Vortr\u00e4ge<\/em><\/strong><em>, in der Regel im Kursaal des Grand Resort Bad RAGAZ<br \/>\n<\/em><em>(bitte separate Einladungen und Anfangszeiten beachten)<\/em><\/p>\n<table width=\"657\">\n<tbody>\n<tr>\n<td valign=\"\u00abtop\u00bb\" width=\"283\">Mi, 21. Oktober 2020, 20.00 Uhr<br \/>\nDr. Michael van Orsouw<\/td>\n<td valign=\"\u00abtop\u00bb\" width=\"374\"><strong>Blaues Blut \u2013 <\/strong><br \/>\n<strong>royale Geschichten aus der Schweiz<\/strong><\/td>\n<\/tr>\n<tr>\n<td valign=\"\u00abtop\u00bb\" width=\"283\"><del>Di, 10. November 2020, 20.00 Uhr<\/del><br \/>\n<del>Stefan Widrig, CEO Flughafen ZH<\/del><\/td>\n<td valign=\"\u00abtop\u00bb\" width=\"374\"><del><strong>Der Flughafen Z\u00fcrich im Spannungsfeld der Interessen<br \/>\n<\/strong><\/del><span style=\"color: #99cc00;\"><strong>n\u00e4chste Saison!<\/strong><\/span><\/td>\n<\/tr>\n<tr>\n<td valign=\"\u00abtop\u00bb\" width=\"283\"><del>So, 15. November 2020, 17.00 Uhr<\/del><br \/>\n<del>Pascal Weber, SRF<\/del><\/td>\n<td valign=\"\u00abtop\u00bb\" width=\"374\"><del><strong>Brandherd Nahost \u2013 aus erster Hand<br \/>\n<\/strong><\/del><span style=\"color: #99cc00;\"><strong>n\u00e4chste Saison<\/strong><\/span><\/td>\n<\/tr>\n<tr>\n<td valign=\"\u00abtop\u00bb\" width=\"283\"><del>So, 17. Januar 2021, 17.00 Uhr<\/del><br \/>\n<del>Dr. Urs Gredig, SRF<\/del><\/td>\n<td valign=\"\u00abtop\u00bb\" width=\"374\"><del><strong>Grossbritannien \u2013 <\/strong><\/del><br \/>\n<del><strong>wie sich das Land heute pr\u00e4sentiert<br \/>\n<\/strong><\/del><span style=\"color: #99cc00;\"><strong>n\u00e4chste Saison<\/strong><\/span><\/td>\n<\/tr>\n<tr>\n<td valign=\"\u00abtop\u00bb\" width=\"283\"><del>Mi, 10. Februar 2021, 20.00 Uhr<\/del><br \/>\n<del>Mit Gemeindebibliothek<\/del><\/td>\n<td valign=\"\u00abtop\u00bb\" width=\"374\"><del><strong>Literaturlesung mit Simone Lappert<\/strong><\/del><br \/>\n<del><strong>anschliessend gem\u00fctliches Zusammensein<br \/>\n<\/strong><\/del><strong><span style=\"color: #99cc00;\">n\u00e4chste Saison<\/span><\/strong><del><strong><br \/>\n<\/strong><\/del><\/td>\n<\/tr>\n<tr>\n<td valign=\"\u00abtop\u00bb\" width=\"283\"><del>Mi, 3. M\u00e4rz 2021, 20.00 Uhr<\/del><br \/>\n<del>Karin Frick, GDI Duttweiler-Institut<\/del><\/td>\n<td valign=\"\u00abtop\u00bb\" width=\"374\"><del><strong>Decodierung der Zukunft und die Macht von Prognosen<br \/>\n<\/strong><\/del><strong><span style=\"color: #99cc00;\">n\u00e4chste Saison<\/span><\/strong><del><strong><br \/>\n<\/strong><\/del><\/td>\n<\/tr>\n<tr>\n<td valign=\"\u00abtop\u00bb\" width=\"283\"><del>Do, 18. M\u00e4rz 2021, 20.00 Uhr<\/del><br \/>\n<del>Dr. Florianne K\u00f6chlin, USA<\/del><\/td>\n<td valign=\"\u00abtop\u00bb\" width=\"374\"><del><strong>Die D\u00fcfte der Nachbarin:<\/strong><\/del><br \/>\n<del><strong>wie Pflanzen kommunizieren und sich vernetzen<br \/>\n<\/strong><\/del><strong><span style=\"color: #99cc00;\">n\u00e4chste Saison<\/span><\/strong><del><strong><br \/>\n<\/strong><\/del><\/td>\n<\/tr>\n<tr>\n<td valign=\"\u00abtop\u00bb\" width=\"283\">Mi, 5. Mai 2021, 20.00 Uhr<br \/>\nJudith D\u00fcrr, Sopranistin<\/td>\n<td valign=\"\u00abtop\u00bb\" width=\"374\"><strong>Hauptversammlung <\/strong><br \/>\n<strong>musikalisch begleitet<\/strong><\/td>\n<\/tr>\n<\/tbody>\n<\/table>\n<h2>Jahresbrief<\/h2>\n<p><strong>\u00abSo viel Wissen \u00fcber das Nichtwissen gab es noch nie\u00bb<\/strong><br \/>\n(J\u00fcrgen Habermas, Philosoph, in einem Kommentar zu Corona in der NZZ vom 31.07.2020)<\/p>\n<p>Liebe Mitglieder der Kulturellen Vereinigung<\/p>\n<p>Mit dem Nichtwissen geben wir uns nicht zufrieden! Zu verschiedensten Themen haben wir Referentinnen und Referenten eingeladen, die sich dank ihrem Fachwissen einen hervorragenden Ruf angeeignet haben. Dass diese bereit sind, auch in diesen merkw\u00fcrdigen Zeiten ihr Wissen live vor Ort weiterzugeben, spricht f\u00fcr sie.<br \/>\nF\u00fcr Ihre Sicherheit anl\u00e4sslich eines Besuchs einer Veranstaltung ist selbstverst\u00e4ndlich gesorgt; das Grand Resort setzt die vom BAG geforderten Massnahmen zur Eind\u00e4mmung des Corona-Virus fachgerecht um. Die Situation erfordert neu eine Anmeldung f\u00fcr eine Veranstaltung:<br \/>\nReservation unerl\u00e4sslich: anmeldung.kvragaz@gmail.com (Angabe Name, Wohnort, Tel. Nummer, Anzahl Personen) \u2013 konsultieren Sie auch unsere Homepage.<\/p>\n<p>Der Austausch mit Ihnen ist uns wertvoll. Bitte verwenden Sie bei Feedbacks oder Anregungen kvragaz@gmail.com. Auch setzen wir vermehrt auf die elektronische Zustellung unserer Einladungen. W\u00fcnschen Sie neu auch eine elektronische Zustellung der Einladungen? (Ausnahme Jahresprogramm)<\/p>\n<p>Ja, bitte neu alle Einladungen per Mail: Senden Sie eine Nachricht an: kvragaz@gmail.com<\/p>\n<p>Wie in den Vorjahren wird an denjenigen Tagen, an denen ein Anlass der Kulturellen Vereinigung stattfindet, exklusiv f\u00fcr die Mitglieder der Kulturellen Vereinigung ein 10%-Nachlass auf s\u00e4mtliche Konsumationen im Grand Resort angeboten. Profitieren Sie davon: Zeigen Sie schon bei der Bestellung Ihre beiliegende Karte und geniessen Sie das reichhaltige Angebot.<\/p>\n<p>Herzlichen Dank wie immer f\u00fcr die prompte Einzahlung des Jahresbeitrages von 20 Franken.<br \/>\nNeu gibt es keine roten Einzahlungsscheine mehr, sondern die QR-Codes. Diese k\u00f6nnen normal wie rote Einzahlungsscheine verwendet werden. Sie ben\u00f6tigen eine Erg\u00e4nzung wie den Betrag sowie einzahlende Person und k\u00f6nnen mit der Verg\u00fctung \u00fcber die Bank oder auch am Postschalter einbezahlt werden.<\/p>\n<p>Wir freuen uns auf Ihren Besuch.<\/p>\n<p>Ihre Kulturelle Vereinigung<\/p>\n<p>Renato Bergamin, Pr\u00e4sident<\/p>\n","protected":false},"excerpt":{"rendered":"<p>Reservation unerl\u00e4sslich: anmeldung.kvragaz@gmail.com (Angabe Name, Wohnort, Tel. Nummer, Anzahl Personen) Vortr\u00e4ge, in der Regel im Kursaal des Grand Resort Bad RAGAZ (bitte separate Einladungen und Anfangszeiten beachten) Mi, 21. Oktober 2020, 20.00 Uhr Dr. Michael van Orsouw Blaues Blut \u2013 royale Geschichten aus der Schweiz Di, 10. November 2020, 20.00 Uhr Stefan Widrig, CEO Flughafen &hellip; <a href=\"https:\/\/kulturellevereinigung.ch\/?page_id=824\" class=\"more-link\"><span class=\"screen-reader-text\">Jahresprogramm 2020\/21<\/span> weiterlesen <span class=\"meta-nav\">&rarr;<\/span><\/a><\/p>\n","protected":false},"author":1,"featured_media":0,"parent":35,"menu_order":0,"comment_status":"closed","ping_status":"closed","template":"","meta":{"footnotes":""},"class_list":["post-824","page","type-page","status-publish","hentry"],"_links":{"self":[{"href":"https:\/\/kulturellevereinigung.ch\/index.php?rest_route=\/wp\/v2\/pages\/824","targetHints":{"allow":["GET"]}}],"collection":[{"href":"https:\/\/kulturellevereinigung.ch\/index.php?rest_route=\/wp\/v2\/pages"}],"about":[{"href":"https:\/\/kulturellevereinigung.ch\/index.php?rest_route=\/wp\/v2\/types\/page"}],"author":[{"embeddable":true,"href":"https:\/\/kulturellevereinigung.ch\/index.php?rest_route=\/wp\/v2\/users\/1"}],"replies":[{"embeddable":true,"href":"https:\/\/kulturellevereinigung.ch\/index.php?rest_route=%2Fwp%2Fv2%2Fcomments&post=824"}],"version-history":[{"count":6,"href":"https:\/\/kulturellevereinigung.ch\/index.php?rest_route=\/wp\/v2\/pages\/824\/revisions"}],"predecessor-version":[{"id":866,"href":"https:\/\/kulturellevereinigung.ch\/index.php?rest_route=\/wp\/v2\/pages\/824\/revisions\/866"}],"up":[{"embeddable":true,"href":"https:\/\/kulturellevereinigung.ch\/index.php?rest_route=\/wp\/v2\/pages\/35"}],"wp:attachment":[{"href":"https:\/\/kulturellevereinigung.ch\/index.php?rest_route=%2Fwp%2Fv2%2Fmedia&parent=824"}],"curies":[{"name":"wp","href":"https:\/\/api.w.org\/{rel}","templated":true}]}}