{"id":890,"date":"2021-09-08T05:37:02","date_gmt":"2021-09-08T05:37:02","guid":{"rendered":"https:\/\/kulturellevereinigung.ch\/?page_id=890"},"modified":"2022-08-31T15:05:12","modified_gmt":"2022-08-31T15:05:12","slug":"jahresprogramm-2021-2022","status":"publish","type":"page","link":"https:\/\/kulturellevereinigung.ch\/?page_id=890","title":{"rendered":"Jahresprogramm 2021\/2022"},"content":{"rendered":"<p><em>In der Regel im Kursaal des Grand Resort Bad Ragaz<\/em><\/p>\n<p>Einlass gem\u00e4ss Weisungen BAG mit<strong><span style=\"color: #ff0000;\"> 2G-Zertifikat<\/span><\/strong><\/p>\n<table width=\"657\">\n<tbody>\n<tr>\n<td valign=\"top\" width=\"283\">Do, 30. September 2021, 20.00 Uhr<br \/>\nDr. Kuno Fischer, Kunstexperte<\/td>\n<td valign=\"top\" width=\"374\"><strong>Heidi Weber und Le Corbusier &#8211;<br \/>\n7 Jahre intensive Zusammenarbeit<\/strong><\/td>\n<\/tr>\n<tr>\n<td valign=\"top\" width=\"283\">Mi, 27. Oktober 2021, 20.00 Uhr<br \/>\nBernard Maissen, Direktor BAKOM<\/td>\n<td valign=\"top\" width=\"374\"><strong>Das Bundesamt f\u00fcr Kommunikation: was sich alles dahinter verbirgt <\/strong><\/td>\n<\/tr>\n<tr>\n<td valign=\"top\" width=\"283\">Mo, 15. November 2021, 20.00 Uhr<br \/>\nStephan Widrig, CEO Flughafen ZH<\/td>\n<td valign=\"top\" width=\"374\"><strong>Der Flughafen Z\u00fcrich im Spannungsfeld der Interessen<\/strong><\/td>\n<\/tr>\n<tr>\n<td valign=\"top\" width=\"283\">So, 16. Januar 2022, 17.00 Uhr<br \/>\nDr. Urs Gredig, Journalist SRF<\/td>\n<td valign=\"top\" width=\"374\"><strong>Grossbritannien \u2013 <\/strong><br \/>\n<strong>wie sich das Land heute pr\u00e4sentiert<\/strong><\/td>\n<\/tr>\n<tr>\n<td valign=\"top\" width=\"283\">Mi, 9. Februar 2022, 20.00 Uhr<br \/>\nMit Gemeindebibliothek<\/td>\n<td valign=\"top\" width=\"374\"><strong>Literaturlesung mit Simone Lappert<\/strong><br \/>\n<strong>anschliessend gem\u00fctliches Zusammensein<\/strong><\/td>\n<\/tr>\n<tr>\n<td valign=\"top\" width=\"283\"><del>Mi, 2. M\u00e4rz 2022, 20.00 Uhr<\/del><br \/>\n<strong><span style=\"color: #ff0000;\">neu: 1. M\u00e4rz 2022, 20.00 Uhr<\/span><\/strong><br \/>\nKarin Frick, GDI Duttweiler-Institut<\/td>\n<td valign=\"top\" width=\"374\"><strong>Decodierung der Zukunft und die Macht von Prognosen<\/strong><\/td>\n<\/tr>\n<tr>\n<td valign=\"top\" width=\"283\">Mi, 16. M\u00e4rz 2022, 20.00 Uhr<br \/>\nDr. Florianne K\u00f6chlin, USA<\/td>\n<td valign=\"top\" width=\"374\"><strong>Die\u00a0D\u00fcfte\u00a0der\u00a0Nachbarin:<br \/>\nwie\u00a0Pflanzen\u00a0kommunizieren\u00a0und\u00a0sich\u00a0vernetzen<\/strong><\/td>\n<\/tr>\n<tr>\n<td valign=\"top\" width=\"283\">Mi, 4. Mai 2022, 20.00 Uhr<br \/>\nPhilipp Kohler, Pianist<\/td>\n<td valign=\"top\" width=\"374\"><strong>Hauptversammlung <\/strong><br \/>\n<strong>Musikalische Umrahmung<\/strong><\/td>\n<\/tr>\n<\/tbody>\n<\/table>\n<h2>Jahresbrief<\/h2>\n<p><strong><em>Schwerpunkt Programm 2021\/2022<br \/>\n<\/em><\/strong><strong style=\"font-size: revert;\"><em>Standortbestimmungen, Prognosen und Kommunikation in allen Facetten<\/em><\/strong><\/p>\n<p>Liebe Mitglieder der Kulturellen Vereinigung<\/p>\n<p>Ja, Sie irren sich nicht! Ein Grossteil unseres neuen Jahresprogramms entspricht dem Vorjahresprogramm, das wir, wie Ihnen hinl\u00e4nglich bekannt ist, nicht durchf\u00fchren konnten. Nun sind wir zuversichtlich, dass es diesmal klappt.<\/p>\n<p><del><strong>Eine Reservation f\u00fcr jede einzelne Veranstaltung ist unerl\u00e4sslich (bitte beachten Sie, dass man sich nur f\u00fcr die aktuelle Veranstaltung anmelden kann): <\/strong><a href=\"mailto:anmeldung.kvragaz@gmail.com\">anmeldung.kvragaz@gmail.com<\/a> (Angabe Name, Wohnort, Tel. Nummer, Anzahl Personen) \u2013 konsultieren Sie in jedem Falle auch unsere Homepage.<\/del><\/p>\n<p><span style=\"color: #ff0000;\">Ab sofort gelten die neuen Weisungen des BAG: ein Zertifikat 3G wird beim Eintritt verlangt (&#8222;geimpft, genesen oder getestet&#8220;). Wir danken Ihnen f\u00fcr Ihr Verst\u00e4ndnis. <\/span><\/p>\n<p>Kommunikation ist nur ein Aspekt in unserem Jahresprogramm, sondern auch Dauerthema bei uns. Die H\u00e4lfte unserer Mitglieder erh\u00e4lt die Einladungen zu den Referaten via Mail. W\u00fcnschen auch Sie neu eine elektronische Zustellung der Einladungen? (mit Ausnahme Jahresprogramm)<\/p>\n<p>Ja, neu alle Einladungen per Mail: Senden Sie bitte eine Nachricht an:\u00a0 <a href=\"mailto:kvragaz@gmail.com\">kvragaz@gmail.com<\/a><\/p>\n<p>Wie in den Vorjahren wird an denjenigen Tagen, an denen ein Anlass der Kulturellen Vereinigung stattfindet, exklusiv f\u00fcr die Mitglieder der Kulturellen Vereinigung ein 10%-Nachlass auf s\u00e4mtliche Konsumationen im Grand Resort angeboten. Profitieren Sie davon: Zeigen Sie schon bei der Bestellung Ihre beiliegende Karte und geniessen Sie das reichhaltige Angebot.<\/p>\n<p>Herzlichen Dank wie immer f\u00fcr die rasche Einzahlung des Jahresbeitrages von 20 Franken.<\/p>\n<p>Wir freuen uns auf Ihren Besuch.<\/p>\n<p>Ihre Kulturelle Vereinigung<\/p>\n<p>Renato Bergamin, Pr\u00e4sident<\/p>\n","protected":false},"excerpt":{"rendered":"<p>In der Regel im Kursaal des Grand Resort Bad Ragaz Einlass gem\u00e4ss Weisungen BAG mit 2G-Zertifikat Do, 30. September 2021, 20.00 Uhr Dr. Kuno Fischer, Kunstexperte Heidi Weber und Le Corbusier &#8211; 7 Jahre intensive Zusammenarbeit Mi, 27. Oktober 2021, 20.00 Uhr Bernard Maissen, Direktor BAKOM Das Bundesamt f\u00fcr Kommunikation: was sich alles dahinter verbirgt &hellip; <a href=\"https:\/\/kulturellevereinigung.ch\/?page_id=890\" class=\"more-link\"><span class=\"screen-reader-text\">Jahresprogramm 2021\/2022<\/span> weiterlesen <span class=\"meta-nav\">&rarr;<\/span><\/a><\/p>\n","protected":false},"author":1,"featured_media":0,"parent":35,"menu_order":0,"comment_status":"closed","ping_status":"closed","template":"","meta":{"footnotes":""},"class_list":["post-890","page","type-page","status-publish","hentry"],"_links":{"self":[{"href":"https:\/\/kulturellevereinigung.ch\/index.php?rest_route=\/wp\/v2\/pages\/890","targetHints":{"allow":["GET"]}}],"collection":[{"href":"https:\/\/kulturellevereinigung.ch\/index.php?rest_route=\/wp\/v2\/pages"}],"about":[{"href":"https:\/\/kulturellevereinigung.ch\/index.php?rest_route=\/wp\/v2\/types\/page"}],"author":[{"embeddable":true,"href":"https:\/\/kulturellevereinigung.ch\/index.php?rest_route=\/wp\/v2\/users\/1"}],"replies":[{"embeddable":true,"href":"https:\/\/kulturellevereinigung.ch\/index.php?rest_route=%2Fwp%2Fv2%2Fcomments&post=890"}],"version-history":[{"count":11,"href":"https:\/\/kulturellevereinigung.ch\/index.php?rest_route=\/wp\/v2\/pages\/890\/revisions"}],"predecessor-version":[{"id":948,"href":"https:\/\/kulturellevereinigung.ch\/index.php?rest_route=\/wp\/v2\/pages\/890\/revisions\/948"}],"up":[{"embeddable":true,"href":"https:\/\/kulturellevereinigung.ch\/index.php?rest_route=\/wp\/v2\/pages\/35"}],"wp:attachment":[{"href":"https:\/\/kulturellevereinigung.ch\/index.php?rest_route=%2Fwp%2Fv2%2Fmedia&parent=890"}],"curies":[{"name":"wp","href":"https:\/\/api.w.org\/{rel}","templated":true}]}}